{"id":3807,"date":"2022-12-29T09:18:48","date_gmt":"2022-12-29T09:18:48","guid":{"rendered":"https:\/\/themepanthers.com\/wp\/vankine\/v1\/?page_id=13"},"modified":"2024-05-08T15:07:02","modified_gmt":"2024-05-08T12:07:02","slug":"hakkimizda","status":"publish","type":"page","link":"https:\/\/kayalarenkasigorta.com\/en\/hakkimizda\/","title":{"rendered":"About"},"content":{"rendered":"<div data-elementor-type=\"wp-page\" data-elementor-id=\"3807\" class=\"elementor elementor-3807\" data-elementor-post-type=\"page\">\n\t\t\t\t\t\t<section class=\"elementor-section elementor-top-section elementor-element elementor-element-43b2829 elementor-section-boxed elementor-section-height-default elementor-section-height-default\" data-id=\"43b2829\" data-element_type=\"section\">\n\t\t\t\t\t\t<div class=\"elementor-container elementor-column-gap-default\">\n\t\t\t\t\t<div class=\"elementor-column elementor-col-33 elementor-top-column elementor-element elementor-element-d89d208\" data-id=\"d89d208\" data-element_type=\"column\">\n\t\t\t<div class=\"elementor-widget-wrap elementor-element-populated\">\n\t\t\t\t\t\t<div class=\"elementor-element elementor-element-7d47fdc elementor-absolute elementor-widget elementor-widget-vankine-icon-v1\" data-id=\"7d47fdc\" data-element_type=\"widget\" data-settings=\"{&quot;_position&quot;:&quot;absolute&quot;}\" data-widget_type=\"vankine-icon-v1.default\">\n\t\t\t\t<div class=\"elementor-widget-container\">\n\t\t\t\t\t        \r\n                <div class=\"icon_box_only type_four inline_box trans\">\r\n                                                <div class=\"icon\">\r\n                        <img decoding=\"async\" src=\"https:\/\/themepanthers.com\/wp\/vankine\/v1\/wp-content\/uploads\/2023\/01\/icon-image-1.png\" alt=\"img\" \/>\r\n                    <\/div>\r\n                                        <div class=\"content\">\r\n                                    <div class=\"title_18\">\r\n                        <a href=\"https:\/\/kayalarenkasigorta.com\/en\/service\/ozel-saglik-sigortasi\/\"   >    \r\n                            Private Health Insurance                        <\/a>\r\n                    <\/div>\r\n                \t\r\n            <\/div>\r\n                            <a class=\"link\" href=\"https:\/\/kayalarenkasigorta.com\/en\/service\/ozel-saglik-sigortasi\/\"   >\r\n                <svg width=\"30\" height=\"32\" viewbox=\"0 0 30 32\" fill=\"none\" xmlns=\"http:\/\/www.w3.org\/2000\/svg\">\r\n                    <circle cx=\"15\" cy=\"17\" r=\"15\" fill=\"var(--color-set-one-1)\"\/>\r\n                    <g clip-path=\"url(#clip0_117_2846)\">\r\n                    <path d=\"M15.0757 24.3888C15.8841 25.207 17.6847 24.9358 17.8785 23.6492C19.0847 15.6614 25.1202 8.92269 29.6876 2.57279C30.954 0.813155 28.042 -0.858436 26.7921 0.88025C22.6184 6.68227 17.3578 12.7875 15.2998 19.828C12.948 17.4244 10.5867 15.0437 7.94892 12.9317C6.27842 11.5936 3.88886 13.951 5.57736 15.3031C9.01404 18.0559 11.984 21.2659 15.0757 24.3888Z\" fill=\"var(--color-set-one-2)\"\/>\r\n                    <\/g>\r\n                    <defs>\r\n                    <clippath id=\"clip0_117_2846\">\r\n                    <rect width=\"25\" height=\"25\" fill=\"white\" transform=\"translate(5)\"\/>\r\n                    <\/clippath>\r\n                    <\/defs>\r\n                <\/svg>\r\n\r\n                <\/a> \r\n                <\/div>\r\n            \r\n\r\n    \t\t\t\t<\/div>\n\t\t\t\t<\/div>\n\t\t\t\t<div class=\"elementor-element elementor-element-0d8ed75 elementor-widget elementor-widget-image\" data-id=\"0d8ed75\" data-element_type=\"widget\" data-widget_type=\"image.default\">\n\t\t\t\t<div class=\"elementor-widget-container\">\n\t\t\t\t\t\t\t\t\t\t\t\t\t\t\t<img fetchpriority=\"high\" decoding=\"async\" width=\"960\" height=\"641\" src=\"https:\/\/kayalarenkasigorta.com\/wp-content\/uploads\/2023\/01\/about-1-min.png\" class=\"attachment-large size-large wp-image-1045\" alt=\"\" srcset=\"https:\/\/kayalarenkasigorta.com\/wp-content\/uploads\/2023\/01\/about-1-min.png 960w, https:\/\/kayalarenkasigorta.com\/wp-content\/uploads\/2023\/01\/about-1-min-300x200.png 300w, https:\/\/kayalarenkasigorta.com\/wp-content\/uploads\/2023\/01\/about-1-min-768x513.png 768w\" sizes=\"(max-width: 960px) 100vw, 960px\" \/>\t\t\t\t\t\t\t\t\t\t\t\t\t\t\t<\/div>\n\t\t\t\t<\/div>\n\t\t\t\t<section class=\"elementor-section elementor-inner-section elementor-element elementor-element-45a5bc6 elementor-section-full_width elementor-section-height-default elementor-section-height-default\" data-id=\"45a5bc6\" data-element_type=\"section\">\n\t\t\t\t\t\t<div class=\"elementor-container elementor-column-gap-no\">\n\t\t\t\t\t<div class=\"elementor-column elementor-col-33 elementor-inner-column elementor-element elementor-element-fdac416\" data-id=\"fdac416\" data-element_type=\"column\">\n\t\t\t<div class=\"elementor-widget-wrap elementor-element-populated\">\n\t\t\t\t\t\t<div class=\"elementor-element elementor-element-1c6b874 elementor-absolute elementor-widget elementor-widget-vankine-fun-facts-v1\" data-id=\"1c6b874\" data-element_type=\"widget\" data-settings=\"{&quot;_position&quot;:&quot;absolute&quot;}\" data-widget_type=\"vankine-fun-facts-v1.default\">\n\t\t\t\t<div class=\"elementor-widget-container\">\n\t\t\t\t\t        \r\n                <div class=\"fun_facts type_two\">\r\n                    <h4>\r\n                <span class=\"count\">\r\n                    7                <\/span>\r\n                <small>\r\n                    +                <\/small>\r\n            <\/h4>\r\n                            <h6 class=\"title_no_a_26\">Y\u0131ll\u0131k\nTecr\u00fcbe<\/h6>\r\n                <\/div>\r\n            \r\n\r\n    \t\t\t\t<\/div>\n\t\t\t\t<\/div>\n\t\t\t\t\t<\/div>\n\t\t<\/div>\n\t\t\t\t<div class=\"elementor-column elementor-col-33 elementor-inner-column elementor-element elementor-element-04389fc\" data-id=\"04389fc\" data-element_type=\"column\">\n\t\t\t<div class=\"elementor-widget-wrap\">\n\t\t\t\t\t\t\t<\/div>\n\t\t<\/div>\n\t\t\t\t<div class=\"elementor-column elementor-col-33 elementor-inner-column elementor-element elementor-element-79d0e2c\" data-id=\"79d0e2c\" data-element_type=\"column\">\n\t\t\t<div class=\"elementor-widget-wrap elementor-element-populated\">\n\t\t\t\t\t\t<div class=\"elementor-element elementor-element-4726f87 elementor-absolute elementor-widget elementor-widget-vankine-icon-v1\" data-id=\"4726f87\" data-element_type=\"widget\" data-settings=\"{&quot;_position&quot;:&quot;absolute&quot;}\" data-widget_type=\"vankine-icon-v1.default\">\n\t\t\t\t<div class=\"elementor-widget-container\">\n\t\t\t\t\t        \r\n                <div class=\"icon_box_only type_four  trans\">\r\n                                                <div class=\"icon\">\r\n                        <img decoding=\"async\" src=\"https:\/\/themepanthers.com\/wp\/vankine\/v1\/wp-content\/uploads\/2023\/01\/icon-image-2.png\" alt=\"img\" \/>\r\n                    <\/div>\r\n                                        <div class=\"content\">\r\n                                    <div class=\"title_18\">\r\n                        <a href=\"https:\/\/kayalarenkasigorta.com\/en\/service\/tamamlayici-saglik-sigortasi\/\"   >    \r\n                            Supplementary Health Insurance                        <\/a>\r\n                    <\/div>\r\n                \t\r\n            <\/div>\r\n                            <a class=\"link\" href=\"https:\/\/kayalarenkasigorta.com\/en\/service\/tamamlayici-saglik-sigortasi\/\"   >\r\n                <svg width=\"30\" height=\"32\" viewbox=\"0 0 30 32\" fill=\"none\" xmlns=\"http:\/\/www.w3.org\/2000\/svg\">\r\n                    <circle cx=\"15\" cy=\"17\" r=\"15\" fill=\"var(--color-set-one-1)\"\/>\r\n                    <g clip-path=\"url(#clip0_117_2846)\">\r\n                    <path d=\"M15.0757 24.3888C15.8841 25.207 17.6847 24.9358 17.8785 23.6492C19.0847 15.6614 25.1202 8.92269 29.6876 2.57279C30.954 0.813155 28.042 -0.858436 26.7921 0.88025C22.6184 6.68227 17.3578 12.7875 15.2998 19.828C12.948 17.4244 10.5867 15.0437 7.94892 12.9317C6.27842 11.5936 3.88886 13.951 5.57736 15.3031C9.01404 18.0559 11.984 21.2659 15.0757 24.3888Z\" fill=\"var(--color-set-one-2)\"\/>\r\n                    <\/g>\r\n                    <defs>\r\n                    <clippath id=\"clip0_117_2846\">\r\n                    <rect width=\"25\" height=\"25\" fill=\"white\" transform=\"translate(5)\"\/>\r\n                    <\/clippath>\r\n                    <\/defs>\r\n                <\/svg>\r\n\r\n                <\/a> \r\n                <\/div>\r\n            \r\n\r\n    \t\t\t\t<\/div>\n\t\t\t\t<\/div>\n\t\t\t\t\t<\/div>\n\t\t<\/div>\n\t\t\t\t\t<\/div>\n\t\t<\/section>\n\t\t\t\t\t<\/div>\n\t\t<\/div>\n\t\t\t\t<div class=\"elementor-column elementor-col-33 elementor-top-column elementor-element elementor-element-227a203\" data-id=\"227a203\" data-element_type=\"column\">\n\t\t\t<div class=\"elementor-widget-wrap\">\n\t\t\t\t\t\t\t<\/div>\n\t\t<\/div>\n\t\t\t\t<div class=\"elementor-column elementor-col-33 elementor-top-column elementor-element elementor-element-671e4a0\" data-id=\"671e4a0\" data-element_type=\"column\">\n\t\t\t<div class=\"elementor-widget-wrap elementor-element-populated\">\n\t\t\t\t\t\t<div class=\"elementor-element elementor-element-e418214 elementor-widget elementor-widget-vankine-title-v1\" data-id=\"e418214\" data-element_type=\"widget\" data-widget_type=\"vankine-title-v1.default\">\n\t\t\t\t<div class=\"elementor-widget-container\">\n\t\t\t\t\t                    <div class=\"section_title type_one\">\r\n                            <h6 class=\"sm_title\"> Kayalar Enka Insurance<\/h6>\r\n                                        <div class=\"title_whole\"> \r\n                        <h2 class=\"title\"> Securing Lives is Our Business  <\/h2>\r\n                <\/div>\r\n                                <\/div>\r\n            \r\n\r\n    \t\t\t\t<\/div>\n\t\t\t\t<\/div>\n\t\t\t\t<div class=\"elementor-element elementor-element-083d3d0 elementor-widget-divider--view-line elementor-widget elementor-widget-divider\" data-id=\"083d3d0\" data-element_type=\"widget\" data-widget_type=\"divider.default\">\n\t\t\t\t<div class=\"elementor-widget-container\">\n\t\t\t\t\t\t\t<div class=\"elementor-divider\">\n\t\t\t<span class=\"elementor-divider-separator\">\n\t\t\t\t\t\t<\/span>\n\t\t<\/div>\n\t\t\t\t\t\t<\/div>\n\t\t\t\t<\/div>\n\t\t\t\t<div class=\"elementor-element elementor-element-906539f elementor-widget elementor-widget-vankine-tab-with-content-v1\" data-id=\"906539f\" data-element_type=\"widget\" data-widget_type=\"vankine-tab-with-content-v1.default\">\n\t\t\t\t<div class=\"elementor-widget-container\">\n\t\t\t\t\t \r\n    <section class=\"fom_tab_box custom_tabs only_tab_content style_one\">\r\n    <ul class=\"nav nav-tabs links trans\"  role=\"tablist\">\r\n                                                            <li class=\"nav-item\">\r\n                      \r\n                                <button class=\"nav-link active\" id=\"tab1-tabtab\" data-bs-toggle=\"tab\" data-bs-target=\"#tab1\" type=\"button\" role=\"tab\" aria-controls=\"tab1\" aria-selected=\"false\">\r\n                                About                                <svg width=\"12\" height=\"12\" viewbox=\"0 0 12 12\" fill=\"none\" xmlns=\"http:\/\/www.w3.org\/2000\/svg\">\r\n                                    <path d=\"M1 11L11 1M11 1H3.5M11 1V8.5\" stroke=\"white\" stroke-width=\"1.5\" stroke-linecap=\"round\" stroke-linejoin=\"round\"\/>\r\n                                <\/svg>\r\n\r\n                            <\/button>\r\n                        <\/li>\r\n                                            <li class=\"nav-item\">\r\n                      \r\n                                <button class=\"nav-link\" id=\"tab3-tabtab\" data-bs-toggle=\"tab\" data-bs-target=\"#tab3\" type=\"button\" role=\"tab\" aria-controls=\"tab3\" aria-selected=\"false\">\r\n                                Vision                                <svg width=\"12\" height=\"12\" viewbox=\"0 0 12 12\" fill=\"none\" xmlns=\"http:\/\/www.w3.org\/2000\/svg\">\r\n                                    <path d=\"M1 11L11 1M11 1H3.5M11 1V8.5\" stroke=\"white\" stroke-width=\"1.5\" stroke-linecap=\"round\" stroke-linejoin=\"round\"\/>\r\n                                <\/svg>\r\n\r\n                            <\/button>\r\n                        <\/li>\r\n                                            <li class=\"nav-item\">\r\n                      \r\n                                <button class=\"nav-link\" id=\"tab2-tabtab\" data-bs-toggle=\"tab\" data-bs-target=\"#tab2\" type=\"button\" role=\"tab\" aria-controls=\"tab2\" aria-selected=\"false\">\r\n                                Mision                                <svg width=\"12\" height=\"12\" viewbox=\"0 0 12 12\" fill=\"none\" xmlns=\"http:\/\/www.w3.org\/2000\/svg\">\r\n                                    <path d=\"M1 11L11 1M11 1H3.5M11 1V8.5\" stroke=\"white\" stroke-width=\"1.5\" stroke-linecap=\"round\" stroke-linejoin=\"round\"\/>\r\n                                <\/svg>\r\n\r\n                            <\/button>\r\n                        <\/li>\r\n                                                <\/ul>\r\n        \r\n                <div class=\"s_tabs_content tab-content\">\r\n                                     \r\n                    <div class=\"tab-pane  active\" id=\"tab1\" role=\"tabpanel\" aria-labelledby=\"tab1-tabtab\">\r\n                        <div class=\"tab_content_box\">\r\n                                                            <div class=\"content\">\r\n                                    Kayalar Enka Insurance is a company that has been operating in the insurance sector for over 15 years with a professional and qualified team, adopting a customer-focused service approach, and maintaining a reputable and contemporary corporate identity without compromising on quality. Our company, which has made it a principle to keep customer satisfaction at the highest level, has embraced a mission to protect our customers' values and secure their futures with its strong financial structure, extensive experience, and diverse product portfolio.\n\nPartnering with leading insurance companies in Europe and Turkey to provide agency services, Kayalar Enka Insurance adopts a modern and corporate business approach, respects individual and corporate rights, adheres to traditional values, and aims to provide top-quality insurance services to all segments of society. Committed to the happiness and peace of mind of our customers, our company offers health, home, comprehensive, traffic, workplace, earthquake, and travel insurance quickly and reliably, ensuring these services under the guarantee of the insurance companies we work with.                                <\/div>\r\n                                                        <div class=\"d-flex\">\r\n                                                                                <\/div>\r\n                        <\/div>  \r\n                    <\/div>\r\n                     \r\n                    <div class=\"tab-pane\" id=\"tab3\" role=\"tabpanel\" aria-labelledby=\"tab3-tabtab\">\r\n                        <div class=\"tab_content_box\">\r\n                                                            <div class=\"content\">\r\n                                    Our company's vision is to provide all stakeholders with an extraordinary approach and a different experience. In this regard, we aim to go beyond conventional insurance by offering new, high-quality products that exceed the needs and expectations of policyholders, thus making a difference in the industry. Through our effective services, we strive to increase customer satisfaction and achieve a leading position in the industry.                                <\/div>\r\n                                                        <div class=\"d-flex\">\r\n                                                                                <\/div>\r\n                        <\/div>  \r\n                    <\/div>\r\n                     \r\n                    <div class=\"tab-pane\" id=\"tab2\" role=\"tabpanel\" aria-labelledby=\"tab2-tabtab\">\r\n                        <div class=\"tab_content_box\">\r\n                                                            <div class=\"content\">\r\n                                    Kayalar Enka Insurance has adopted the principle of not offering any product that it would not use itself and aims to be a preferred insurance company by all stakeholders.\n\nIn line with this mission, Kayalar Enka Insurance offers rich-content products tailored to the needs of individuals and institutions through effective data and portfolio analyses at competitive prices. In doing so, we aim to achieve a leading position in the industry by providing our customers with the most suitable and high-quality services and maximizing customer satisfaction.                                <\/div>\r\n                                                        <div class=\"d-flex\">\r\n                                                                                <\/div>\r\n                        <\/div>  \r\n                    <\/div>\r\n                                                   \r\n            <\/div>\r\n    <\/section>\r\n \r\n           \r\n\t\t\t\t\t\t<\/div>\n\t\t\t\t<\/div>\n\t\t\t\t\t<\/div>\n\t\t<\/div>\n\t\t\t\t\t<\/div>\n\t\t<\/section>\n\t\t\t\t<section class=\"elementor-section elementor-top-section elementor-element elementor-element-8b6f666 elementor-section-boxed elementor-section-height-default elementor-section-height-default\" data-id=\"8b6f666\" data-element_type=\"section\">\n\t\t\t\t\t\t<div class=\"elementor-container elementor-column-gap-default\">\n\t\t\t\t\t<div class=\"elementor-column elementor-col-100 elementor-top-column elementor-element elementor-element-66af3a6\" data-id=\"66af3a6\" data-element_type=\"column\">\n\t\t\t<div class=\"elementor-widget-wrap elementor-element-populated\">\n\t\t\t\t\t\t<div class=\"elementor-element elementor-element-1bb6b4e elementor-widget elementor-widget-vankine-title-v1\" data-id=\"1bb6b4e\" data-element_type=\"widget\" data-widget_type=\"vankine-title-v1.default\">\n\t\t\t\t<div class=\"elementor-widget-container\">\n\t\t\t\t\t                    <div class=\"section_title type_one\">\r\n                            <h6 class=\"sm_title\"> Kayalar Enka Insurance<\/h6>\r\n                                        <div class=\"title_whole\"> \r\n                        <h2 class=\"title\"> Protect Yourself from Risks, Live Peacefully   <\/h2>\r\n                <\/div>\r\n                                <\/div>\r\n            \r\n\r\n    \t\t\t\t<\/div>\n\t\t\t\t<\/div>\n\t\t\t\t<section class=\"elementor-section elementor-inner-section elementor-element elementor-element-a6c10fd elementor-section-full_width elementor-section-height-default elementor-section-height-default\" data-id=\"a6c10fd\" data-element_type=\"section\">\n\t\t\t\t\t\t<div class=\"elementor-container elementor-column-gap-extended\">\n\t\t\t\t\t<div class=\"elementor-column elementor-col-33 elementor-inner-column elementor-element elementor-element-6b05573\" data-id=\"6b05573\" data-element_type=\"column\">\n\t\t\t<div class=\"elementor-widget-wrap elementor-element-populated\">\n\t\t\t\t\t\t<div class=\"elementor-element elementor-element-dd83eb9 elementor-widget elementor-widget-vankine-icon-v1\" data-id=\"dd83eb9\" data-element_type=\"widget\" data-widget_type=\"vankine-icon-v1.default\">\n\t\t\t\t<div class=\"elementor-widget-container\">\n\t\t\t\t\t        \r\n            \r\n    <div class=\"icon_box_only  type_seven\">\r\n                            <div class=\"icon\">\r\n                                    <i class=\"flaticon-insurance-2\"><\/i>\r\n\t\t        \t\t\r\n                <\/div>\r\n                                        <div class=\"title_24\">\r\n                    <a href=\"#\"   >    \r\n                        Corporate Service                    <\/a>\r\n                <\/div>\r\n                                            <p>We respond to your inquiries promptly and efficiently.<\/p>\r\n                        \r\n             \r\n    <\/div>\r\n            \r\n\r\n    \t\t\t\t<\/div>\n\t\t\t\t<\/div>\n\t\t\t\t\t<\/div>\n\t\t<\/div>\n\t\t\t\t<div class=\"elementor-column elementor-col-33 elementor-inner-column elementor-element elementor-element-52e8233\" data-id=\"52e8233\" data-element_type=\"column\">\n\t\t\t<div class=\"elementor-widget-wrap elementor-element-populated\">\n\t\t\t\t\t\t<div class=\"elementor-element elementor-element-37ee63a elementor-widget elementor-widget-vankine-icon-v1\" data-id=\"37ee63a\" data-element_type=\"widget\" data-widget_type=\"vankine-icon-v1.default\">\n\t\t\t\t<div class=\"elementor-widget-container\">\n\t\t\t\t\t        \r\n            \r\n    <div class=\"icon_box_only  boxsha  type_seven\">\r\n                            <div class=\"icon\">\r\n                                    <i class=\"flaticon-enjoy\"><\/i>\r\n\t\t        \t\t\r\n                <\/div>\r\n                                        <div class=\"title_24\">\r\n                    <a href=\"#\"   >    \r\n                        Low Costs                    <\/a>\r\n                <\/div>\r\n                                            <p>We offer the most competitive prices in the industry<\/p>\r\n                        \r\n             \r\n    <\/div>\r\n            \r\n\r\n    \t\t\t\t<\/div>\n\t\t\t\t<\/div>\n\t\t\t\t\t<\/div>\n\t\t<\/div>\n\t\t\t\t<div class=\"elementor-column elementor-col-33 elementor-inner-column elementor-element elementor-element-44eeafd\" data-id=\"44eeafd\" data-element_type=\"column\">\n\t\t\t<div class=\"elementor-widget-wrap elementor-element-populated\">\n\t\t\t\t\t\t<div class=\"elementor-element elementor-element-72c86b6 elementor-widget elementor-widget-vankine-icon-v1\" data-id=\"72c86b6\" data-element_type=\"widget\" data-widget_type=\"vankine-icon-v1.default\">\n\t\t\t\t<div class=\"elementor-widget-container\">\n\t\t\t\t\t        \r\n            \r\n    <div class=\"icon_box_only  boxsha  type_seven\">\r\n                            <div class=\"icon\">\r\n                                    <i class=\"flaticon-iteration\"><\/i>\r\n\t\t        \t\t\r\n                <\/div>\r\n                                        <div class=\"title_24\">\r\n                    <a href=\"#\"   >    \r\n                        Fast and Easy Process                    <\/a>\r\n                <\/div>\r\n                                            <p>We respond to your inquiries promptly and efficiently.<\/p>\r\n                        \r\n             \r\n    <\/div>\r\n            \r\n\r\n    \t\t\t\t<\/div>\n\t\t\t\t<\/div>\n\t\t\t\t\t<\/div>\n\t\t<\/div>\n\t\t\t\t\t<\/div>\n\t\t<\/section>\n\t\t\t\t\t<\/div>\n\t\t<\/div>\n\t\t\t\t\t<\/div>\n\t\t<\/section>\n\t\t\t\t<\/div>","protected":false},"excerpt":{"rendered":"<p>\u00d6zel Sa\u011fl\u0131k Sigortas\u0131 7 + Y\u0131ll\u0131k Tecr\u00fcbe Tamamlay\u0131c\u0131 Sa\u011fl\u0131k Sigortas\u0131 Kayalar Enka Sigorta Hayat\u0131 G\u00fcvence Alt\u0131na Almak Bizim \u0130\u015fimiz Hakk\u0131m\u0131zda Vizyon Misyon Kayalar Enka Sigorta, sigorta sekt\u00f6r\u00fcnde 15 y\u0131l\u0131 a\u015fk\u0131n s\u00fcredir faaliyet g\u00f6steren, profesyonel ve nitelikli kadrosuyla m\u00fc\u015fteri odakl\u0131 hizmet anlay\u0131\u015f\u0131n\u0131 benimseyen, kaliteden \u00f6d\u00fcn vermeyen, sayg\u0131n ve \u00e7a\u011fda\u015f bir kurumsal kimlikle hareket eden bir \u015firkettir. [&hellip;]<\/p>","protected":false},"author":1,"featured_media":0,"parent":0,"menu_order":0,"comment_status":"closed","ping_status":"closed","template":"template-fullwidth.php","meta":{"footnotes":""},"class_list":["post-3807","page","type-page","status-publish","hentry"],"aioseo_notices":[],"_links":{"self":[{"href":"https:\/\/kayalarenkasigorta.com\/en\/wp-json\/wp\/v2\/pages\/3807","targetHints":{"allow":["GET"]}}],"collection":[{"href":"https:\/\/kayalarenkasigorta.com\/en\/wp-json\/wp\/v2\/pages"}],"about":[{"href":"https:\/\/kayalarenkasigorta.com\/en\/wp-json\/wp\/v2\/types\/page"}],"author":[{"embeddable":true,"href":"https:\/\/kayalarenkasigorta.com\/en\/wp-json\/wp\/v2\/users\/1"}],"replies":[{"embeddable":true,"href":"https:\/\/kayalarenkasigorta.com\/en\/wp-json\/wp\/v2\/comments?post=3807"}],"version-history":[{"count":0,"href":"https:\/\/kayalarenkasigorta.com\/en\/wp-json\/wp\/v2\/pages\/3807\/revisions"}],"wp:attachment":[{"href":"https:\/\/kayalarenkasigorta.com\/en\/wp-json\/wp\/v2\/media?parent=3807"}],"curies":[{"name":"wp","href":"https:\/\/api.w.org\/{rel}","templated":true}]}}