{"id":68,"date":"2022-12-29T09:34:08","date_gmt":"2022-12-29T09:34:08","guid":{"rendered":"https:\/\/themepanthers.com\/wp\/vankine\/v1\/?page_id=68"},"modified":"2024-05-08T14:42:38","modified_gmt":"2024-05-08T11:42:38","slug":"iletisim","status":"publish","type":"page","link":"https:\/\/kayalarenkasigorta.com\/en\/iletisim\/","title":{"rendered":"Contact"},"content":{"rendered":"<div data-elementor-type=\"wp-page\" data-elementor-id=\"68\" class=\"elementor elementor-68\" data-elementor-post-type=\"page\">\n\t\t\t\t\t\t<section class=\"elementor-section elementor-top-section elementor-element elementor-element-6036f71 elementor-section-boxed elementor-section-height-default elementor-section-height-default\" data-id=\"6036f71\" data-element_type=\"section\">\n\t\t\t\t\t\t<div class=\"elementor-container elementor-column-gap-extended\">\n\t\t\t\t\t<div class=\"elementor-column elementor-col-33 elementor-top-column elementor-element elementor-element-3299cd0\" data-id=\"3299cd0\" data-element_type=\"column\">\n\t\t\t<div class=\"elementor-widget-wrap elementor-element-populated\">\n\t\t\t\t\t\t<div class=\"elementor-element elementor-element-3b6240d elementor-widget elementor-widget-vankine-contact-box-v1\" data-id=\"3b6240d\" data-element_type=\"widget\" data-widget_type=\"vankine-contact-box-v1.default\">\n\t\t\t\t<div class=\"elementor-widget-container\">\n\t\t\t\t\t \r\n \r\n    <div class=\"contact_box_content\">\r\n                                                        <div class=\"icon trans\">\r\n                        <img decoding=\"async\" src=\"https:\/\/themepanthers.com\/wp\/vankine\/v1\/wp-content\/uploads\/2023\/01\/cont-1.png\" alt=\"img\" \/>\r\n                    <\/div>\r\n                                                         \r\n            <div class=\"contact-infor\">\r\n                \r\n                <h6 class=\"title_no_a_24\">   Address<\/h6>\r\n                                        <span>Emiro\u011flu Mahallesi Demirci Yolu Caddesi No:62\/Z06 63700 Viran\u015fehir, \u015eanl\u0131urfa<\/span>\r\n                    <\/div>\r\n                                        <\/div>\r\n \r\n  \r\n  \r\n\r\n  \r\n \r\n\r\n\r\n    \t\t\t\t<\/div>\n\t\t\t\t<\/div>\n\t\t\t\t\t<\/div>\n\t\t<\/div>\n\t\t\t\t<div class=\"elementor-column elementor-col-33 elementor-top-column elementor-element elementor-element-566db77\" data-id=\"566db77\" data-element_type=\"column\">\n\t\t\t<div class=\"elementor-widget-wrap elementor-element-populated\">\n\t\t\t\t\t\t<div class=\"elementor-element elementor-element-d49dd66 elementor-widget elementor-widget-vankine-contact-box-v1\" data-id=\"d49dd66\" data-element_type=\"widget\" data-widget_type=\"vankine-contact-box-v1.default\">\n\t\t\t\t<div class=\"elementor-widget-container\">\n\t\t\t\t\t \r\n \r\n    <div class=\"contact_box_content\">\r\n                                                        <div class=\"icon trans\">\r\n                        <img decoding=\"async\" src=\"https:\/\/themepanthers.com\/wp\/vankine\/v1\/wp-content\/uploads\/2023\/01\/cont-2.png\" alt=\"img\" \/>\r\n                    <\/div>\r\n                                                                        <div class=\"contact-infor\">\r\n                   \r\n                <h6 class=\"title_no_a_24\">Email<\/h6>\r\n            \r\n                                            <a href=\"mailto:kayalarenkasigorta@hotmail.com\">kayalarenkasigorta@hotmail.com\n<\/a>\r\n                                        <a href=\"mailto:info@kayalarenkasigorta.com\">info@kayalarenkasigorta.com<\/a>\r\n                    <\/div>\r\n                        <\/div>\r\n \r\n  \r\n  \r\n\r\n  \r\n \r\n\r\n\r\n    \t\t\t\t<\/div>\n\t\t\t\t<\/div>\n\t\t\t\t\t<\/div>\n\t\t<\/div>\n\t\t\t\t<div class=\"elementor-column elementor-col-33 elementor-top-column elementor-element elementor-element-f573a1e\" data-id=\"f573a1e\" data-element_type=\"column\">\n\t\t\t<div class=\"elementor-widget-wrap elementor-element-populated\">\n\t\t\t\t\t\t<div class=\"elementor-element elementor-element-7a34cd0 elementor-widget elementor-widget-vankine-contact-box-v1\" data-id=\"7a34cd0\" data-element_type=\"widget\" data-widget_type=\"vankine-contact-box-v1.default\">\n\t\t\t\t<div class=\"elementor-widget-container\">\n\t\t\t\t\t \r\n \r\n    <div class=\"contact_box_content\">\r\n                                                        <div class=\"icon trans\">\r\n                        <img decoding=\"async\" src=\"https:\/\/themepanthers.com\/wp\/vankine\/v1\/wp-content\/uploads\/2023\/01\/cont-3.png\" alt=\"img\" \/>\r\n                    <\/div>\r\n                                                                <div class=\"contact-infor\">\r\n                          \r\n                <h6 class=\"title_no_a_24\">Phone Number<\/h6>\r\n                                        <a href=\"tel:+90 414 511 30 51\">+90 414 511 30 51<\/a>\r\n                                <\/div>\r\n                                <\/div>\r\n \r\n  \r\n  \r\n\r\n  \r\n \r\n\r\n\r\n    \t\t\t\t<\/div>\n\t\t\t\t<\/div>\n\t\t\t\t\t<\/div>\n\t\t<\/div>\n\t\t\t\t\t<\/div>\n\t\t<\/section>\n\t\t\t\t<section class=\"elementor-section elementor-top-section elementor-element elementor-element-927a4fa elementor-section-full_width elementor-section-height-default elementor-section-height-default\" data-id=\"927a4fa\" data-element_type=\"section\">\n\t\t\t\t\t\t<div class=\"elementor-container elementor-column-gap-no\">\n\t\t\t\t\t<div class=\"elementor-column elementor-col-100 elementor-top-column elementor-element elementor-element-5de05cc\" data-id=\"5de05cc\" data-element_type=\"column\">\n\t\t\t<div class=\"elementor-widget-wrap elementor-element-populated\">\n\t\t\t\t\t\t<div class=\"elementor-element elementor-element-49ac0c5 elementor-widget elementor-widget-google_maps\" data-id=\"49ac0c5\" data-element_type=\"widget\" data-widget_type=\"google_maps.default\">\n\t\t\t\t<div class=\"elementor-widget-container\">\n\t\t\t\t\t\t\t<div class=\"elementor-custom-embed\">\n\t\t\t<iframe loading=\"lazy\"\n\t\t\t\t\tsrc=\"https:\/\/maps.google.com\/maps?q=Demirci%20Yolu%2060%2C%20Emiro%C4%9Flu%2C%2063700%20Viran%C5%9Fehir%2F%C5%9Eanl%C4%B1urfa&#038;t=m&#038;z=15&#038;output=embed&#038;iwloc=near\"\n\t\t\t\t\ttitle=\"Demirci Yolu 60, Emiro\u011flu, 63700 Viran\u015fehir\/\u015eanl\u0131urfa\"\n\t\t\t\t\taria-label=\"Demirci Yolu 60, Emiro\u011flu, 63700 Viran\u015fehir\/\u015eanl\u0131urfa\"\n\t\t\t><\/iframe>\n\t\t<\/div>\n\t\t\t\t\t\t<\/div>\n\t\t\t\t<\/div>\n\t\t\t\t\t<\/div>\n\t\t<\/div>\n\t\t\t\t\t<\/div>\n\t\t<\/section>\n\t\t\t\t<section class=\"elementor-section elementor-top-section elementor-element elementor-element-a8e90f9 elementor-section-boxed elementor-section-height-default elementor-section-height-default\" data-id=\"a8e90f9\" data-element_type=\"section\" data-settings=\"{&quot;background_background&quot;:&quot;classic&quot;}\">\n\t\t\t\t\t\t<div class=\"elementor-container elementor-column-gap-default\">\n\t\t\t\t\t<div class=\"elementor-column elementor-col-50 elementor-top-column elementor-element elementor-element-c76861d\" data-id=\"c76861d\" data-element_type=\"column\">\n\t\t\t<div class=\"elementor-widget-wrap elementor-element-populated\">\n\t\t\t\t\t\t<div class=\"elementor-element elementor-element-4380665 elementor-widget elementor-widget-vankine-title-v1\" data-id=\"4380665\" data-element_type=\"widget\" data-widget_type=\"vankine-title-v1.default\">\n\t\t\t\t<div class=\"elementor-widget-container\">\n\t\t\t\t\t                    <div class=\"section_title type_one\">\r\n                            <h6 class=\"sm_title\"> Kayalar Enka Insurance<\/h6>\r\n                                        <div class=\"title_whole\"> \r\n                        <h2 class=\"title\"> Fill out the form now to benefit from discounts.  <\/h2>\r\n                <\/div>\r\n                                <\/div>\r\n            \r\n\r\n    \t\t\t\t<\/div>\n\t\t\t\t<\/div>\n\t\t\t\t<div class=\"elementor-element elementor-element-06bfb90 elementor-widget elementor-widget-vankine-social-media-v1\" data-id=\"06bfb90\" data-element_type=\"widget\" data-widget_type=\"vankine-social-media-v1.default\">\n\t\t\t\t<div class=\"elementor-widget-container\">\n\t\t\t\t\t\r\n<div class=\"social-icons\">\r\n                       \r\n<ul>\r\n                    <li><a href=\"https:\/\/www.facebook.com\/kayalarenkasigorta\/\"  class=\"m_icon\"   > <i class=\"fab fa-facebook\"><\/i>\r\n              \r\n            <\/a><\/li>\r\n                    <li><a href=\"https:\/\/www.instagram.com\/kayalarenkasigorta\/\"  class=\"m_icon\"   > <i class=\"fab fa-instagram\"><\/i>\r\n              \r\n            <\/a><\/li>\r\n                <\/ul>\r\n<\/div>\r\n \r\n\t\r\n\t\t\t\t\t\t<\/div>\n\t\t\t\t<\/div>\n\t\t\t\t\t<\/div>\n\t\t<\/div>\n\t\t\t\t<div class=\"elementor-column elementor-col-50 elementor-top-column elementor-element elementor-element-e9caf95\" data-id=\"e9caf95\" data-element_type=\"column\">\n\t\t\t<div class=\"elementor-widget-wrap elementor-element-populated\">\n\t\t\t\t\t\t<div class=\"elementor-element elementor-element-4f72338 fluent-form-widget-step-header-yes fluent-form-widget-step-progressbar-yes fluentform-widget-submit-button-custom elementor-widget elementor-widget-fluent-form-widget\" data-id=\"4f72338\" data-element_type=\"widget\" data-widget_type=\"fluent-form-widget.default\">\n\t\t\t\t<div class=\"elementor-widget-container\">\n\t\t\t\t\t\n            <div class=\"fluentform-widget-wrapper fluentform-widget-align-default\">\n\n            \n            <div class='fluentform ff-default fluentform_wrapper_1 ffs_default_wrap'><form data-form_id=\"1\" id=\"fluentform_1\" class=\"frm-fluent-form fluent_form_1 ff-el-form-top ff_form_instance_1_1 ff-form-loading ffs_default\" data-form_instance=\"ff_form_instance_1_1\" method=\"POST\" action=\"\" ><fieldset  style=\"border: none!important;margin: 0!important;padding: 0!important;background-color: transparent!important;box-shadow: none!important;outline: none!important; min-inline-size: 100%;\">\n                    <legend class=\"ff_screen_reader_title\" style=\"display: block; margin: 0!important;padding: 0!important;height: 0!important;text-indent: -999999px;width: 0!important;overflow:hidden;\">Contact Form Demo<\/legend><input type='hidden' name='__fluent_form_embded_post_id' value='68' \/><input type=\"hidden\" id=\"_fluentform_1_fluentformnonce\" name=\"_fluentform_1_fluentformnonce\" value=\"c04fee5214\" \/><input type=\"hidden\" name=\"_wp_http_referer\" value=\"\/en\/wp-json\/wp\/v2\/pages\/68\" \/><div data-type=\"name-element\" data-name=\"names\" class=\"ff-field_container ff-name-field-wrapper\" ><div class='ff-t-container'><div class='ff-t-cell'><div class='ff-el-group'><div class=\"ff-el-input--label asterisk-right\"><label for='ff_1_names_first_name_' id='label_ff_1_names_first_name_' >Name<\/label><\/div><div class='ff-el-input--content'><input type=\"text\" name=\"names[first_name]\" id=\"ff_1_names_first_name_\" class=\"ff-el-form-control\" placeholder=\"Name\" aria-invalid=\"false\" aria-required=\"false\"><\/div><\/div><\/div><div class='ff-t-cell'><div class='ff-el-group'><div class=\"ff-el-input--label asterisk-right\"><label for='ff_1_names_last_name_' id='label_ff_1_names_last_name_' >Surname<\/label><\/div><div class='ff-el-input--content'><input type=\"text\" name=\"names[last_name]\" id=\"ff_1_names_last_name_\" class=\"ff-el-form-control\" placeholder=\"Surname\" aria-invalid=\"false\" aria-required=\"false\"><\/div><\/div><\/div><\/div><\/div><div class='ff-el-group'><div class=\"ff-el-input--label ff-el-is-required asterisk-right\"><label for='ff_1_email' id='label_ff_1_email' aria-label=\"Email\">Email<\/label><\/div><div class='ff-el-input--content'><input type=\"email\" name=\"email\" id=\"ff_1_email\" class=\"ff-el-form-control\" placeholder=\"Email Address\" data-name=\"email\"  aria-invalid=\"false\" aria-required=\"true\"><\/div><\/div><div class='ff-el-group'><div class=\"ff-el-input--label ff-el-is-required asterisk-right\"><label for='ff_1_phone' id='label_ff_1_phone' aria-label=\"Phone Number\">Phone Number<\/label><\/div><div class='ff-el-input--content'><input name=\"phone\" class=\"ff-el-form-control ff-el-phone ff_el_with_extended_validation\" type=\"tel\" placeholder=\"Phone Number\" data-name=\"phone\" id=\"ff_1_phone\" inputmode=\"tel\"  aria-invalid='false' aria-required=\"true\"><\/div><\/div><div class='ff-el-group'><div class=\"ff-el-input--label ff-el-is-required asterisk-right\"><label for='ff_1_message' id='label_ff_1_message' aria-label=\"Your message\">Your message<\/label><\/div><div class='ff-el-input--content'><textarea aria-required=\"true\" aria-labelledby=\"label_ff_1_message\" name=\"message\" id=\"ff_1_message\" class=\"ff-el-form-control\" placeholder=\"Your message\" rows=\"4\" cols=\"2\" data-name=\"message\" ><\/textarea><\/div><\/div><div class='ff-el-group' ><div class='ff-el-input--content'><div data-fluent_id='1' name='h-captcha-response'><div\n\t\tdata-sitekey='09f07b06-a5d4-4d86-995e-223470d86788'\n\t\tid='fluentform-hcaptcha-1-1'\n\t\tclass='ff-el-hcaptcha h-captcha'><\/div><\/div><\/div><\/div><div class='ff-el-group ff-text-left ff_submit_btn_wrapper'><button type=\"submit\" class=\"ff-btn ff-btn-submit ff-btn-md ff_btn_style\"  aria-label=\"Submit\">Submit<\/button><\/div><\/fieldset><input type=\"hidden\" name=\"trp-form-language\" value=\"en\"\/><\/form><div id='fluentform_1_errors' class='ff-errors-in-stack ff_form_instance_1_1 ff-form-loading_errors ff_form_instance_1_1_errors'><\/div><\/div>            <script type=\"text\/javascript\">\n                window.fluent_form_ff_form_instance_1_1 = {\"id\":\"1\",\"settings\":{\"layout\":{\"labelPlacement\":\"top\",\"helpMessagePlacement\":\"with_label\",\"errorMessagePlacement\":\"inline\",\"cssClassName\":\"\",\"asteriskPlacement\":\"asterisk-right\"},\"restrictions\":{\"denyEmptySubmission\":{\"enabled\":false}}},\"form_instance\":\"ff_form_instance_1_1\",\"form_id_selector\":\"fluentform_1\",\"rules\":{\"names[first_name]\":{\"required\":{\"value\":false,\"message\":\"This field is required\",\"global\":false,\"global_message\":\"This field is required\"}},\"names[middle_name]\":{\"required\":{\"value\":false,\"message\":\"This field is required\",\"global\":false,\"global_message\":\"This field is required\"}},\"names[last_name]\":{\"required\":{\"value\":false,\"message\":\"This field is required\",\"global\":false,\"global_message\":\"This field is required\"}},\"email\":{\"required\":{\"value\":true,\"message\":\"Bu alan gereklidir\",\"global\":false,\"global_message\":\"This field is required\"},\"email\":{\"value\":true,\"message\":\"Bu alan ge\\u00e7erli bir e-posta i\\u00e7ermelidir\",\"global\":false,\"global_message\":\"This field must contain a valid email\"}},\"phone\":{\"required\":{\"value\":true,\"global\":true,\"message\":\"This field is required\",\"global_message\":\"This field is required\"},\"valid_phone_number\":{\"value\":true,\"global\":true,\"message\":\"Phone number is not valid\",\"global_message\":\"Phone number is not valid\"}},\"message\":{\"required\":{\"value\":true,\"message\":\"This field is required\",\"global\":false,\"global_message\":\"This field is required\"}},\"h-captcha-response\":[]},\"debounce_time\":300};\n                            <\/script>\n                        <\/div>\n\n            \t\t\t\t<\/div>\n\t\t\t\t<\/div>\n\t\t\t\t\t<\/div>\n\t\t<\/div>\n\t\t\t\t\t<\/div>\n\t\t<\/section>\n\t\t\t\t<\/div>","protected":false},"excerpt":{"rendered":"<p>Adresimiz Emiro\u011flu Mahallesi Demirci Yolu Caddesi No:62\/Z06 63700 Viran\u015fehir, \u015eanl\u0131urfa Email kayalarenkasigorta@hotmail.com info@kayalarenkasigorta.com Telefon Numaras\u0131 +90 414 511 30 51 Kayalar Enka Sigorta Hemen Formu Doldurun indirimlerden yararlan\u0131n Contact Form Demo \u0130simSoyad\u0131n\u0131zEmailTelefon Numaran\u0131zMesaj\u0131n\u0131G\u00f6nder<\/p>","protected":false},"author":1,"featured_media":0,"parent":0,"menu_order":0,"comment_status":"closed","ping_status":"closed","template":"template-fullwidth.php","meta":{"footnotes":""},"class_list":["post-68","page","type-page","status-publish","hentry"],"aioseo_notices":[],"_links":{"self":[{"href":"https:\/\/kayalarenkasigorta.com\/en\/wp-json\/wp\/v2\/pages\/68","targetHints":{"allow":["GET"]}}],"collection":[{"href":"https:\/\/kayalarenkasigorta.com\/en\/wp-json\/wp\/v2\/pages"}],"about":[{"href":"https:\/\/kayalarenkasigorta.com\/en\/wp-json\/wp\/v2\/types\/page"}],"author":[{"embeddable":true,"href":"https:\/\/kayalarenkasigorta.com\/en\/wp-json\/wp\/v2\/users\/1"}],"replies":[{"embeddable":true,"href":"https:\/\/kayalarenkasigorta.com\/en\/wp-json\/wp\/v2\/comments?post=68"}],"version-history":[{"count":0,"href":"https:\/\/kayalarenkasigorta.com\/en\/wp-json\/wp\/v2\/pages\/68\/revisions"}],"wp:attachment":[{"href":"https:\/\/kayalarenkasigorta.com\/en\/wp-json\/wp\/v2\/media?parent=68"}],"curies":[{"name":"wp","href":"https:\/\/api.w.org\/{rel}","templated":true}]}}